{"id":22,"date":"2015-03-08T19:33:44","date_gmt":"2015-03-08T19:33:44","guid":{"rendered":"http:\/\/www.kusterweb.ch\/modellbau\/?page_id=22"},"modified":"2016-07-11T13:56:00","modified_gmt":"2016-07-11T13:56:00","slug":"portalkran","status":"publish","type":"page","link":"https:\/\/www.kusterweb.ch\/modellbau\/portalkran\/","title":{"rendered":"Portalkran"},"content":{"rendered":"<h1 class=\"entry-title\">Portalkran \u2013 mein Ziel<\/h1>\n<p>Mein aktuelles Projekt besteht daraus, einen vollautomatisierten Modellbau\u00a0Portalkran zu bauen. Als Vorlage habe ich ein Schweizermodell gew\u00e4hlt, welches in H\u00e4rkingen steht und von der Post AG gebraucht wird. Das Projekt wird im Massstab 1:87 umgesetzt, H0.<\/p>\n<p>Die Idee ist vor mehr als zwei Jahren entstanden. Von PostLogistics wurde mir freundlicherweise einen \u00dcbersichtsplan zur Verf\u00fcgung gestellt.<\/p>\n<p>Folgend ein paar eindr\u00fccke der Anlage:<\/p>\n<div id='gallery-1' class='gallery galleryid-22 gallery-columns-4 gallery-size-medium'><figure class='gallery-item'>\n\t\t\t<div class='gallery-icon landscape'>\n\t\t\t\t<a href='https:\/\/www.kusterweb.ch\/modellbau\/portalkran-mein-ziel\/verladung_auf_die_bahn_1\/'><img loading=\"lazy\" decoding=\"async\" width=\"300\" height=\"225\" src=\"https:\/\/www.kusterweb.ch\/modellbau\/wp-content\/uploads\/2015\/03\/Verladung_auf_die_Bahn_1-300x225.jpg\" class=\"attachment-medium size-medium\" alt=\"\" aria-describedby=\"gallery-1-33\" srcset=\"https:\/\/www.kusterweb.ch\/modellbau\/wp-content\/uploads\/2015\/03\/Verladung_auf_die_Bahn_1-300x225.jpg 300w, https:\/\/www.kusterweb.ch\/modellbau\/wp-content\/uploads\/2015\/03\/Verladung_auf_die_Bahn_1-1024x768.jpg 1024w, https:\/\/www.kusterweb.ch\/modellbau\/wp-content\/uploads\/2015\/03\/Verladung_auf_die_Bahn_1-624x468.jpg 624w\" sizes=\"(max-width: 300px) 100vw, 300px\" \/><\/a>\n\t\t\t<\/div>\n\t\t\t\t<figcaption class='wp-caption-text gallery-caption' id='gallery-1-33'>\n\t\t\t\t(c) www.lekkerland.ch\n\t\t\t\t<\/figcaption><\/figure><figure class='gallery-item'>\n\t\t\t<div class='gallery-icon portrait'>\n\t\t\t\t<a href='https:\/\/www.kusterweb.ch\/modellbau\/portalkran-mein-ziel\/verladung_auf_die_bahn_2\/'><img loading=\"lazy\" decoding=\"async\" width=\"225\" height=\"300\" src=\"https:\/\/www.kusterweb.ch\/modellbau\/wp-content\/uploads\/2015\/03\/Verladung_auf_die_Bahn_2-225x300.jpg\" class=\"attachment-medium size-medium\" alt=\"\" aria-describedby=\"gallery-1-34\" srcset=\"https:\/\/www.kusterweb.ch\/modellbau\/wp-content\/uploads\/2015\/03\/Verladung_auf_die_Bahn_2-225x300.jpg 225w, https:\/\/www.kusterweb.ch\/modellbau\/wp-content\/uploads\/2015\/03\/Verladung_auf_die_Bahn_2-768x1024.jpg 768w, https:\/\/www.kusterweb.ch\/modellbau\/wp-content\/uploads\/2015\/03\/Verladung_auf_die_Bahn_2-624x832.jpg 624w\" sizes=\"(max-width: 225px) 100vw, 225px\" \/><\/a>\n\t\t\t<\/div>\n\t\t\t\t<figcaption class='wp-caption-text gallery-caption' id='gallery-1-34'>\n\t\t\t\t(c) www.lekkerland.ch\n\t\t\t\t<\/figcaption><\/figure><figure class='gallery-item'>\n\t\t\t<div class='gallery-icon landscape'>\n\t\t\t\t<a href='https:\/\/www.kusterweb.ch\/modellbau\/portalkran-mein-ziel\/img_2122\/'><img loading=\"lazy\" decoding=\"async\" width=\"300\" height=\"200\" src=\"https:\/\/www.kusterweb.ch\/modellbau\/wp-content\/uploads\/2015\/03\/img_2122-300x200.jpg\" class=\"attachment-medium size-medium\" alt=\"\" srcset=\"https:\/\/www.kusterweb.ch\/modellbau\/wp-content\/uploads\/2015\/03\/img_2122-300x200.jpg 300w, https:\/\/www.kusterweb.ch\/modellbau\/wp-content\/uploads\/2015\/03\/img_2122-624x415.jpg 624w, https:\/\/www.kusterweb.ch\/modellbau\/wp-content\/uploads\/2015\/03\/img_2122.jpg 750w\" sizes=\"(max-width: 300px) 100vw, 300px\" \/><\/a>\n\t\t\t<\/div><\/figure><figure class='gallery-item'>\n\t\t\t<div class='gallery-icon landscape'>\n\t\t\t\t<a href='https:\/\/www.kusterweb.ch\/modellbau\/portalkran-mein-ziel\/voegele-1472\/'><img loading=\"lazy\" decoding=\"async\" width=\"300\" height=\"200\" src=\"https:\/\/www.kusterweb.ch\/modellbau\/wp-content\/uploads\/2015\/03\/1318410019003-300x200.jpg\" class=\"attachment-medium size-medium\" alt=\"\" aria-describedby=\"gallery-1-36\" srcset=\"https:\/\/www.kusterweb.ch\/modellbau\/wp-content\/uploads\/2015\/03\/1318410019003-300x200.jpg 300w, https:\/\/www.kusterweb.ch\/modellbau\/wp-content\/uploads\/2015\/03\/1318410019003-624x416.jpg 624w, https:\/\/www.kusterweb.ch\/modellbau\/wp-content\/uploads\/2015\/03\/1318410019003.jpg 800w\" sizes=\"(max-width: 300px) 100vw, 300px\" \/><\/a>\n\t\t\t<\/div>\n\t\t\t\t<figcaption class='wp-caption-text gallery-caption' id='gallery-1-36'>\n\t\t\t\t(c) sbbcargo.com\n\t\t\t\t<\/figcaption><\/figure>\n\t\t<\/div>\n\n<p>Ich werde auf dieser Website in unregelm\u00e4ssigen Abst\u00e4nden neue Berichte \u00fcber den Fortschritt aufschalten.<\/p>\n<hr \/>\n<p><strong>Spreader, Layout<\/strong><\/p>\n<p>Folgend zwei Bilder zum aktuellen Stand des Layouts.<\/p>\n<div id='gallery-2' class='gallery galleryid-22 gallery-columns-3 gallery-size-thumbnail'><figure class='gallery-item'>\n\t\t\t<div class='gallery-icon landscape'>\n\t\t\t\t<a href='https:\/\/www.kusterweb.ch\/modellbau\/portalkran-mein-ziel\/attachment\/29\/'><img loading=\"lazy\" decoding=\"async\" width=\"150\" height=\"150\" src=\"https:\/\/www.kusterweb.ch\/modellbau\/wp-content\/uploads\/2015\/03\/IMG_4039-150x150.jpg\" class=\"attachment-thumbnail size-thumbnail\" alt=\"\" \/><\/a>\n\t\t\t<\/div><\/figure><figure class='gallery-item'>\n\t\t\t<div class='gallery-icon landscape'>\n\t\t\t\t<a href='https:\/\/www.kusterweb.ch\/modellbau\/portalkran-mein-ziel\/attachment\/30\/'><img loading=\"lazy\" decoding=\"async\" width=\"150\" height=\"150\" src=\"https:\/\/www.kusterweb.ch\/modellbau\/wp-content\/uploads\/2015\/03\/IMG_4040-150x150.jpg\" class=\"attachment-thumbnail size-thumbnail\" alt=\"\" aria-describedby=\"gallery-2-30\" \/><\/a>\n\t\t\t<\/div>\n\t\t\t\t<figcaption class='wp-caption-text gallery-caption' id='gallery-2-30'>\n\t\t\t\tHolzst\u00fccke symbolisieren die Kranst\u00fctzen\n\t\t\t\t<\/figcaption><\/figure>\n\t\t<\/div>\n\n<p>Im Vergleich zum Original, enth\u00e4lt mein Layout eine Bahnspur weniger, damit die Gr\u00f6ssenverh\u00e4ltnisse besser eingehalten werden k\u00f6nnen.<\/p>\n<p>Beim Spreader bin ich nun daran die Mechanik einzubauen und schlussendlich einen ersten Testlauf zu wagen. Weitere Berichte folgen\u2026<\/p>\n<div id=\"gallery-2\" class=\"gallery galleryid-38 gallery-columns-3 gallery-size-thumbnail\">\n<div id='gallery-3' class='gallery galleryid-22 gallery-columns-3 gallery-size-thumbnail'><figure class='gallery-item'>\n\t\t\t<div class='gallery-icon landscape'>\n\t\t\t\t<a href='https:\/\/www.kusterweb.ch\/modellbau\/portalkran-mein-ziel\/img_4052\/'><img loading=\"lazy\" decoding=\"async\" width=\"150\" height=\"150\" src=\"https:\/\/www.kusterweb.ch\/modellbau\/wp-content\/uploads\/2015\/03\/IMG_4052-150x150.jpg\" class=\"attachment-thumbnail size-thumbnail\" alt=\"\" aria-describedby=\"gallery-3-32\" \/><\/a>\n\t\t\t<\/div>\n\t\t\t\t<figcaption class='wp-caption-text gallery-caption' id='gallery-3-32'>\n\t\t\t\tSpreader Bottom\n\t\t\t\t<\/figcaption><\/figure><figure class='gallery-item'>\n\t\t\t<div class='gallery-icon landscape'>\n\t\t\t\t<a href='https:\/\/www.kusterweb.ch\/modellbau\/portalkran-mein-ziel\/attachment\/31\/'><img loading=\"lazy\" decoding=\"async\" width=\"150\" height=\"150\" src=\"https:\/\/www.kusterweb.ch\/modellbau\/wp-content\/uploads\/2015\/03\/IMG_4045-150x150.jpg\" class=\"attachment-thumbnail size-thumbnail\" alt=\"\" aria-describedby=\"gallery-3-31\" \/><\/a>\n\t\t\t<\/div>\n\t\t\t\t<figcaption class='wp-caption-text gallery-caption' id='gallery-3-31'>\n\t\t\t\tSpreader Top\n\t\t\t\t<\/figcaption><\/figure>\n\t\t<\/div>\n\n<\/div>\n<p>(In der Mitte ist noch Platz f\u00fcr den Motor. Ebenfalls fehlen die Greifer auf den Seiten.)<\/p>\n<hr \/>\n<p>&nbsp;<\/p>\n<p><strong>Spreader DEMO<\/strong><\/p>\n<p>Es ist soweit, der Spreader ist bereit f\u00fcr seine erste Demonstration \ud83d\ude42<\/p>\n<div style=\"width: 636px;\" class=\"wp-video\"><!--[if lt IE 9]><script>document.createElement('video');<\/script><![endif]-->\n<video class=\"wp-video-shortcode\" id=\"video-22-1\" width=\"636\" height=\"360\" preload=\"metadata\" controls=\"controls\"><source type=\"video\/mp4\" src=\"https:\/\/www.kusterweb.ch\/modellbau\/wp-content\/uploads\/2015\/03\/DEMO_Greifer_WEB_360p.mp4?_=1\" \/><a href=\"https:\/\/www.kusterweb.ch\/modellbau\/wp-content\/uploads\/2015\/03\/DEMO_Greifer_WEB_360p.mp4\">https:\/\/www.kusterweb.ch\/modellbau\/wp-content\/uploads\/2015\/03\/DEMO_Greifer_WEB_360p.mp4<\/a><\/video><\/div>\n<p>Nachdem alle Probleme behoben wurden, kann ich erfreulich feststellen, dass der Greifmechanismus wie erwartet funktioniert.<\/p>\n<p>Die Zahnr\u00e4der laufen nicht mehr so sch\u00f6n, wie nach dem ersten Zusammenbau. Denn leider wurden zuerst falsche Schnecken (Links-\/Rechtslauf) eingebaut und der Fehler erst bemerkt, als alles verklebt war.<\/p>\n<p>Gerne bedanke ich mich auch bei Stefan Hedinger, welcher f\u00fcr mich den 3D Druck des Grundk\u00f6rpers \u00fcbernahm.<\/p>\n<p>Schlussendlich ist angedacht, dass der Grundk\u00f6rper aus Aluminium gefertigt wird.<\/p>\n<p>Folgend noch ein paar Eindr\u00fccke.<\/p>\n<div id=\"grid-gallery-2-89994\" data-gg-id=\"2\" data-title=\"Spreader_DEMO\" data-grid-type=\"0\" data-offset=\"5.3\" data-area-position=\"center\" data-icons=\"\" data-preloader=\"\" data-width=\"215\" data-height=\"215\" data-padding=\"\" data-quicksand=\"disabled\" data-quicksand-duration=\"none\" data-popup-theme=\"theme_6\" data-popup-type=\"pretty-photo\" data-popup-image-text=\"title\" data-popup-widthsize=\"auto\" data-popup-heightsize=\"auto\" data-popup-i18n-words=\"{&quot;close&quot;:&quot;close&quot;,&quot;next&quot;:&quot;next&quot;,&quot;previous&quot;:&quot;previous&quot;,&quot;start_slideshow&quot;:&quot;start slideshow&quot;,&quot;stop_slideshow&quot;:&quot;stop slideshow&quot;,&quot;image&quot;:&quot;image&quot;,&quot;of&quot;:&quot;of&quot;,&quot;prev&quot;:&quot;prev&quot;,&quot;cExpand&quot;:&quot;Expand&quot;,&quot;cPrevious&quot;:&quot;Previous&quot;,&quot;cNext&quot;:&quot;Next&quot;,&quot;cExpandStr&quot;:&quot;Expand the image&quot;,&quot;cRotate&quot;:&quot;Rotate&quot;,&quot;cDetails&quot;:&quot;Details&quot;}\" data-popup-slideshow=\"0\" data-popup-slideshow-speed=\"2500\" data-popup-hoverstop=\"true\" data-popup-slideshow-auto=\"true\" data-popup-background=\"\" data-popup-transparency=\"30\" data-popup-disable-history=\"\" data-popup-disable-changed-url=\"\" data-popup-border-type=\"\" data-popup-border-color=\"\" data-popup-border-width=\"\" data-popup-border-enable=\"\" data-fullscreen=\"false\" data-hide-tooltip=\"\" data-caption-font-family=\"Abel\" data-caption-text-size=\"140\" data-is-mobile=\"0\" data-caption-mobile=\"false\" data-hide-long-tltp-title=\"0\" data-caption-disabled-on-mobile=\"false\" data-popup-placement-type=\"0\" data-social-sharing=\"{&quot;enabled&quot;:null,&quot;gallerySharing&quot;:{&quot;enabled&quot;:null,&quot;position&quot;:null},&quot;imageSharing&quot;:{&quot;enabled&quot;:null,&quot;wrapperClass&quot;:&quot; vertical &quot;},&quot;popupSharing&quot;:{&quot;enabled&quot;:null,&quot;wrapperClass&quot;:&quot; vertical &quot;}}\" class=\"grid-gallery grid-gallery-fixed \" style=\" width:100%; height:auto; margin-left:auto; margin-right:auto;position:relative;\"> <div class=\"gallery-loading\"> <div class=\"blocks\"> <div class=\"block\"><\/div> <div class=\"block\"><\/div> <div class=\"block\"><\/div> <div class=\"block\"><\/div> <\/div> <\/div> <div class=\"gallery-sharing-top\" style=\"display:none;\"> <\/div> <div id=\"photos-2\" class=\"grid-gallery-photos\"><FIGURE class=\"grid-gallery-caption\" data-grid-gallery-type=\"quarter-slide-up\" data-index=\"0\" style=\"display:none;border-radius:00;; margin:5.3px; width:2150;\" ><div class=\"crop\" style=\" width:2150; height:2150; overflow:hidden;\"><img decoding=\"async\" src=\"https:\/\/www.kusterweb.ch\/modellbau\/wp-content\/uploads\/2015\/03\/IMG_4598-215x215.jpg\" class=\"ggImg\" alt=\"IMG_4598\" title=\"IMG_4598\" data-description=\"IMG_4598\" data-caption=\"DEMO Greifer_1\" data-title=\"IMG_4598\" style=\" width:215px; height:215px;\" \/><\/div><FIGCAPTION class=\"\" data-alpha=\"5\" style=\"color:#ffffff; background-color:#6f0000; font-size:140; text-align:left; font-family:Abel;\" ><div class=\"grid-gallery-figcaption-wrap\" style=\"\"><\/div><\/FIGCAPTION><\/FIGURE><FIGURE class=\"grid-gallery-caption\" data-grid-gallery-type=\"quarter-slide-up\" data-index=\"1\" style=\"display:none;border-radius:00;; margin:5.3px; width:2150;\" ><div class=\"crop\" style=\" width:2150; height:2150; overflow:hidden;\"><img decoding=\"async\" src=\"https:\/\/www.kusterweb.ch\/modellbau\/wp-content\/uploads\/2015\/03\/IMG_4599-215x215.jpg\" class=\"ggImg\" alt=\"IMG_4599\" title=\"IMG_4599\" data-description=\"IMG_4599\" data-caption=\"DEMO Greifer_2\" data-title=\"IMG_4599\" style=\" width:215px; height:215px;\" \/><\/div><FIGCAPTION class=\"\" data-alpha=\"5\" style=\"color:#ffffff; background-color:#6f0000; font-size:140; text-align:left; font-family:Abel;\" ><div class=\"grid-gallery-figcaption-wrap\" style=\"\"><\/div><\/FIGCAPTION><\/FIGURE><FIGURE class=\"grid-gallery-caption\" data-grid-gallery-type=\"quarter-slide-up\" data-index=\"2\" style=\"display:none;border-radius:00;; margin:5.3px; width:2150;\" ><div class=\"crop\" style=\" width:2150; height:2150; overflow:hidden;\"><img decoding=\"async\" src=\"https:\/\/www.kusterweb.ch\/modellbau\/wp-content\/uploads\/2015\/03\/IMG_4603-215x215.jpg\" class=\"ggImg\" alt=\"IMG_4603\" title=\"IMG_4603\" data-description=\"IMG_4603\" data-caption=\"DEMO Greifer_3\" data-title=\"IMG_4603\" style=\" width:215px; height:215px;\" \/><\/div><FIGCAPTION class=\"\" data-alpha=\"5\" style=\"color:#ffffff; background-color:#6f0000; font-size:140; text-align:left; font-family:Abel;\" ><div class=\"grid-gallery-figcaption-wrap\" style=\"\"><\/div><\/FIGCAPTION><\/FIGURE> <div class=\"grid-gallery-clearfix\"><\/div> <\/div> <div class=\"gallery-sharing-bottom\" style=\"display:none;\"> <\/div> <div class=\"gallery-sharing-image\" style=\"display:none;\"> <\/div> <div class=\"gallery-sharing-popup\" style=\"display:none;\"> <\/div> <div class=\"grid-gallery-clearfix\"><\/div> <\/div> <!-- Gallery by Supsystic plugin1.16.1 --><a title=\"WordPress Image Gallery Plugin\" style=\"display:none;\" href=\"https:\/\/supsystic.com\/plugins\/photo-gallery\/?utm_medium=love_link\" target=\"_blank\">WordPress Image Gallery Plugin<\/a>\n<hr \/>\n<p><strong>Mechanische Bearbeitung<\/strong><\/p>\n<p>Die mechanische Bearbeitung wurde in mehreren Schritten durchgef\u00fchrt. Erstens musste das Rohmaterial besorgt werden. Dazu besuchte ich den metallladen.ch wo das gew\u00fcnschte Profil direkt in der ben\u00f6tigten L\u00e4nge bezogen werden kann. Wieder Zuhause wurde der kleine Kreuztisch von Proxxon in Betrieb genommen und alle Bohrungen gem\u00e4ss Zeichnung vorgenommen. Nachdem auch noch die Gewinde geschnitten waren mussten nur noch die Kanten gebrochen und alle L\u00f6cher entgratet werden.<\/p>\n<p>Zur mechanischen Bearbeitung gibt es zwei kurze Zeitraffer, Tag 1<\/p>\n<div style=\"width: 1920px;\" class=\"wp-video\"><video class=\"wp-video-shortcode\" id=\"video-22-2\" width=\"1920\" height=\"1080\" preload=\"metadata\" controls=\"controls\"><source type=\"video\/mp4\" src=\"https:\/\/www.kusterweb.ch\/modellbau\/wp-content\/uploads\/2016\/07\/Zeitraffer_Tag1.mp4?_=2\" \/><a href=\"https:\/\/www.kusterweb.ch\/modellbau\/wp-content\/uploads\/2016\/07\/Zeitraffer_Tag1.mp4\">https:\/\/www.kusterweb.ch\/modellbau\/wp-content\/uploads\/2016\/07\/Zeitraffer_Tag1.mp4<\/a><\/video><\/div>\n<p>und Tag 2<\/p>\n<div style=\"width: 1920px;\" class=\"wp-video\"><video class=\"wp-video-shortcode\" id=\"video-22-3\" width=\"1920\" height=\"1080\" preload=\"metadata\" controls=\"controls\"><source type=\"video\/mp4\" src=\"https:\/\/www.kusterweb.ch\/modellbau\/wp-content\/uploads\/2016\/07\/Zeitraffer_Tag2.mp4?_=3\" \/><a href=\"https:\/\/www.kusterweb.ch\/modellbau\/wp-content\/uploads\/2016\/07\/Zeitraffer_Tag2.mp4\">https:\/\/www.kusterweb.ch\/modellbau\/wp-content\/uploads\/2016\/07\/Zeitraffer_Tag2.mp4<\/a><\/video><\/div>\n<p>&nbsp;<\/p>\n<p>Nebenbei wurden auch noch einige Fotos geschossen.<\/p>\n<div id=\"grid-gallery-4-85624\" data-gg-id=\"4\" data-title=\"Montage Portalkran\" data-grid-type=\"0\" data-offset=\"5.3\" data-area-position=\"center\" data-icons=\"\" data-preloader=\"\" data-width=\"215\" data-height=\"215\" data-padding=\"\" data-quicksand=\"disabled\" data-quicksand-duration=\"none\" data-popup-theme=\"theme_6\" data-popup-type=\"pretty-photo\" data-popup-image-text=\"title\" data-popup-widthsize=\"auto\" data-popup-heightsize=\"auto\" data-popup-i18n-words=\"{&quot;close&quot;:&quot;close&quot;,&quot;next&quot;:&quot;next&quot;,&quot;previous&quot;:&quot;previous&quot;,&quot;start_slideshow&quot;:&quot;start slideshow&quot;,&quot;stop_slideshow&quot;:&quot;stop slideshow&quot;,&quot;image&quot;:&quot;image&quot;,&quot;of&quot;:&quot;of&quot;,&quot;prev&quot;:&quot;prev&quot;,&quot;cExpand&quot;:&quot;Expand&quot;,&quot;cPrevious&quot;:&quot;Previous&quot;,&quot;cNext&quot;:&quot;Next&quot;,&quot;cExpandStr&quot;:&quot;Expand the image&quot;,&quot;cRotate&quot;:&quot;Rotate&quot;,&quot;cDetails&quot;:&quot;Details&quot;}\" data-popup-slideshow=\"0\" data-popup-slideshow-speed=\"2500\" data-popup-hoverstop=\"true\" data-popup-slideshow-auto=\"true\" data-popup-background=\"\" data-popup-transparency=\"30\" data-popup-disable-history=\"\" data-popup-disable-changed-url=\"\" data-popup-border-type=\"\" data-popup-border-color=\"\" data-popup-border-width=\"\" data-popup-border-enable=\"\" data-fullscreen=\"false\" data-hide-tooltip=\"\" data-caption-font-family=\"\" data-caption-text-size=\"140\" data-is-mobile=\"0\" data-caption-mobile=\"false\" data-hide-long-tltp-title=\"0\" data-caption-disabled-on-mobile=\"false\" data-popup-placement-type=\"0\" data-social-sharing=\"{&quot;enabled&quot;:null,&quot;gallerySharing&quot;:{&quot;enabled&quot;:null,&quot;position&quot;:null},&quot;imageSharing&quot;:{&quot;enabled&quot;:null,&quot;wrapperClass&quot;:&quot; vertical &quot;},&quot;popupSharing&quot;:{&quot;enabled&quot;:null,&quot;wrapperClass&quot;:&quot; vertical &quot;}}\" class=\"grid-gallery grid-gallery-fixed \" style=\" width:100%; height:auto; margin-left:auto; margin-right:auto;position:relative;\"> <div class=\"gallery-loading\"> <div class=\"blocks\"> <div class=\"block\"><\/div> <div class=\"block\"><\/div> <div class=\"block\"><\/div> <div class=\"block\"><\/div> <\/div> <\/div> <div class=\"gallery-sharing-top\" style=\"display:none;\"> <\/div> <div id=\"photos-4\" class=\"grid-gallery-photos\"><FIGURE class=\"grid-gallery-caption\" data-grid-gallery-type=\"quarter-slide-up\" data-index=\"0\" style=\"display:none;border-radius:00;; margin:5.3px; width:2150;\" ><div class=\"crop\" style=\" width:2150; height:2150; overflow:hidden;\"><img decoding=\"async\" src=\"https:\/\/www.kusterweb.ch\/modellbau\/wp-content\/uploads\/2016\/03\/IMG_5336-215x215.jpg\" class=\"ggImg\" alt=\"IMG_5336\" title=\"Bearbeitete Teile f\u00fcr Portalkran\" data-description=\"Bearbeitete Teile f\u00fcr Portalkran\" data-caption=\"Einzelteile fertig bearbeitet\" data-title=\"IMG_5336\" style=\" width:215px; height:215px;\" \/><\/div><FIGCAPTION class=\"\" data-alpha=\"5\" style=\"color:#ffffff; background-color:#6f0000; font-size:140; text-align:2; font-family:;\" ><div class=\"grid-gallery-figcaption-wrap\" style=\"\"><\/div><\/FIGCAPTION><\/FIGURE><FIGURE class=\"grid-gallery-caption\" data-grid-gallery-type=\"quarter-slide-up\" data-index=\"1\" style=\"display:none;border-radius:00;; margin:5.3px; width:2150;\" ><div class=\"crop\" style=\" width:2150; height:2150; overflow:hidden;\"><img decoding=\"async\" src=\"https:\/\/www.kusterweb.ch\/modellbau\/wp-content\/uploads\/2016\/03\/IMG_5343-215x215.jpg\" class=\"ggImg\" alt=\"IMG_5343\" title=\"Vormontierte Quertr\u00e4ger\" data-description=\"Vormontierte Quertr\u00e4ger\" data-caption=\"Quertraeger\" data-title=\"IMG_5343\" style=\" width:215px; height:215px;\" \/><\/div><FIGCAPTION class=\"\" data-alpha=\"5\" style=\"color:#ffffff; background-color:#6f0000; font-size:140; text-align:2; font-family:;\" ><div class=\"grid-gallery-figcaption-wrap\" style=\"\"><\/div><\/FIGCAPTION><\/FIGURE><FIGURE class=\"grid-gallery-caption\" data-grid-gallery-type=\"quarter-slide-up\" data-index=\"2\" style=\"display:none;border-radius:00;; margin:5.3px; width:2150;\" ><div class=\"crop\" style=\" width:2150; height:2150; overflow:hidden;\"><img decoding=\"async\" src=\"https:\/\/www.kusterweb.ch\/modellbau\/wp-content\/uploads\/2016\/03\/IMG_5344-215x215.jpg\" class=\"ggImg\" alt=\"IMG_5344\" title=\"IMG_5344\" data-description=\"IMG_5344\" data-caption=\"Traeger\" data-title=\"IMG_5344\" style=\" width:215px; height:215px;\" \/><\/div><FIGCAPTION class=\"\" data-alpha=\"5\" style=\"color:#ffffff; background-color:#6f0000; font-size:140; text-align:2; font-family:;\" ><div class=\"grid-gallery-figcaption-wrap\" style=\"\"><\/div><\/FIGCAPTION><\/FIGURE><FIGURE class=\"grid-gallery-caption\" data-grid-gallery-type=\"quarter-slide-up\" data-index=\"3\" style=\"display:none;border-radius:00;; margin:5.3px; width:2150;\" ><div class=\"crop\" style=\" width:2150; height:2150; overflow:hidden;\"><img decoding=\"async\" src=\"https:\/\/www.kusterweb.ch\/modellbau\/wp-content\/uploads\/2016\/03\/IMG_5355-215x215.jpg\" class=\"ggImg\" alt=\"IMG_5355\" title=\"IMG_5355\" data-description=\"IMG_5355\" data-caption=\"Untergestell montage\" data-title=\"IMG_5355\" style=\" width:215px; height:215px;\" \/><\/div><FIGCAPTION class=\"\" data-alpha=\"5\" style=\"color:#ffffff; background-color:#6f0000; font-size:140; text-align:2; font-family:;\" ><div class=\"grid-gallery-figcaption-wrap\" style=\"\"><\/div><\/FIGCAPTION><\/FIGURE><FIGURE class=\"grid-gallery-caption\" data-grid-gallery-type=\"quarter-slide-up\" data-index=\"4\" style=\"display:none;border-radius:00;; margin:5.3px; width:2150;\" ><div class=\"crop\" style=\" width:2150; height:2150; overflow:hidden;\"><img decoding=\"async\" src=\"https:\/\/www.kusterweb.ch\/modellbau\/wp-content\/uploads\/2016\/03\/IMG_5360-215x215.jpg\" class=\"ggImg\" alt=\"IMG_5360\" title=\"IMG_5360\" data-description=\"IMG_5360\" data-caption=\"Montage Untergestell\" data-title=\"IMG_5360\" style=\" width:215px; height:215px;\" \/><\/div><FIGCAPTION class=\"\" data-alpha=\"5\" style=\"color:#ffffff; background-color:#6f0000; font-size:140; text-align:2; font-family:;\" ><div class=\"grid-gallery-figcaption-wrap\" style=\"\"><\/div><\/FIGCAPTION><\/FIGURE><FIGURE class=\"grid-gallery-caption\" data-grid-gallery-type=\"quarter-slide-up\" data-index=\"5\" style=\"display:none;border-radius:00;; margin:5.3px; width:2150;\" ><div class=\"crop\" style=\" width:2150; height:2150; overflow:hidden;\"><img decoding=\"async\" src=\"https:\/\/www.kusterweb.ch\/modellbau\/wp-content\/uploads\/2016\/03\/IMG_5364-215x215.jpg\" class=\"ggImg\" alt=\"IMG_5364\" title=\"Noch nicht alle Teile fertig montiert \" data-description=\"Noch nicht alle Teile fertig montiert \" data-caption=\"Portalkran auf Testplatte\" data-title=\"IMG_5364\" style=\" width:215px; height:215px;\" \/><\/div><FIGCAPTION class=\"\" data-alpha=\"5\" style=\"color:#ffffff; background-color:#6f0000; font-size:140; text-align:2; font-family:;\" ><div class=\"grid-gallery-figcaption-wrap\" style=\"\"><\/div><\/FIGCAPTION><\/FIGURE> <div class=\"grid-gallery-clearfix\"><\/div> <\/div> <div class=\"gallery-sharing-bottom\" style=\"display:none;\"> <\/div> <div class=\"gallery-sharing-image\" style=\"display:none;\"> <\/div> <div class=\"gallery-sharing-popup\" style=\"display:none;\"> <\/div> <div class=\"grid-gallery-clearfix\"><\/div> <\/div> <!-- Gallery by Supsystic plugin1.16.1 --><a title=\"WordPress Image Gallery Plugin\" style=\"display:none;\" href=\"https:\/\/supsystic.com\/plugins\/photo-gallery\/?utm_medium=love_link\" target=\"_blank\">WordPress Image Gallery Plugin<\/a>\n<p>&nbsp;<\/p>\n<hr \/>\n<p>&nbsp;<\/p>\n<p>Ich w\u00fcnsche euch viel Spass beim Verfolgen und freue mich \u00fcber euer Feedback.<\/p>\n<p>Simon<\/p>\n","protected":false},"excerpt":{"rendered":"<div class=\"mh-excerpt\"><p>Portalkran \u2013 mein Ziel Mein aktuelles Projekt besteht daraus, einen vollautomatisierten Modellbau\u00a0Portalkran zu bauen. Als Vorlage habe ich ein Schweizermodell gew\u00e4hlt, welches in H\u00e4rkingen steht <a class=\"mh-excerpt-more\" href=\"https:\/\/www.kusterweb.ch\/modellbau\/portalkran\/\" title=\"Portalkran\">[&#8230;]<\/a><\/p>\n<\/div>","protected":false},"author":1,"featured_media":0,"parent":0,"menu_order":4,"comment_status":"open","ping_status":"closed","template":"","meta":{"footnotes":""},"_links":{"self":[{"href":"https:\/\/www.kusterweb.ch\/modellbau\/wp-json\/wp\/v2\/pages\/22"}],"collection":[{"href":"https:\/\/www.kusterweb.ch\/modellbau\/wp-json\/wp\/v2\/pages"}],"about":[{"href":"https:\/\/www.kusterweb.ch\/modellbau\/wp-json\/wp\/v2\/types\/page"}],"author":[{"embeddable":true,"href":"https:\/\/www.kusterweb.ch\/modellbau\/wp-json\/wp\/v2\/users\/1"}],"replies":[{"embeddable":true,"href":"https:\/\/www.kusterweb.ch\/modellbau\/wp-json\/wp\/v2\/comments?post=22"}],"version-history":[{"count":8,"href":"https:\/\/www.kusterweb.ch\/modellbau\/wp-json\/wp\/v2\/pages\/22\/revisions"}],"predecessor-version":[{"id":184,"href":"https:\/\/www.kusterweb.ch\/modellbau\/wp-json\/wp\/v2\/pages\/22\/revisions\/184"}],"wp:attachment":[{"href":"https:\/\/www.kusterweb.ch\/modellbau\/wp-json\/wp\/v2\/media?parent=22"}],"curies":[{"name":"wp","href":"https:\/\/api.w.org\/{rel}","templated":true}]}}