{"id":48,"date":"2015-03-12T18:59:45","date_gmt":"2015-03-12T18:59:45","guid":{"rendered":"http:\/\/www.kusterweb.ch\/modellbau\/?page_id=48"},"modified":"2018-12-28T17:13:00","modified_gmt":"2018-12-28T17:13:00","slug":"impressium","status":"publish","type":"page","link":"https:\/\/www.kusterweb.ch\/modellbau\/impressium\/","title":{"rendered":"Impressum"},"content":{"rendered":"<p>Hallihallo, dies ist eine private Website.<\/p>\n<p>&nbsp;<\/p>\n<h3>Copyright<\/h3>\n<p>Alle Texte und Bilder, welche auf der Webseite (www.kusterweb.ch und allen Unterseiten) unterliegen dem Copyright des Autors, solange nicht ausdr\u00fccklich ausgeschlossen. Ohne eine schriftliche erstellt Zustimmung d\u00fcrfen die ver\u00f6ffentlichen Bilder und Beitr\u00e4ge (auch nicht Auszugsweise) nicht kopiert oder in einer sonstigen Form verwendet werden.<\/p>\n<p>\u00a9 2018 Simon Kuster. All rights reserved.<\/p>\n<hr \/>\n<h3><strong>Beitr\u00e4ge, Inhalte<\/strong><\/h3>\n<p>Die Inhalte werden nach bestem Wissen und Gewissen erstellt. Der Nach-\/ Umbau erfolgt auf eigenes Risiko. Jegliche Haftung wird abgelehnt.<\/p>\n<hr \/>\n<p>&nbsp;<\/p>\n<h3><strong>Haftungsausschluss<\/strong><\/h3>\n<p style=\"text-align: justify;\">Der Autor \u00fcbernimmt keinerlei Gew\u00e4hr hinsichtlich der inhaltlichen Richtigkeit, Genauigkeit, Aktualit\u00e4t, Zuverl\u00e4ssigkeit und Vollst\u00e4ndigkeit der Informationen.<br \/>\nHaftungsanspr\u00fcche gegen den Autor wegen Sch\u00e4den materieller oder immaterieller Art, welche aus dem Zugriff oder der Nutzung bzw. Nichtnutzung der ver\u00f6ffentlichten Informationen, durch Missbrauch der Verbindung oder durch technische St\u00f6rungen entstanden sind, werden ausgeschlossen.<br \/>\nAlle Angebote sind unverbindlich. Der Autor beh\u00e4lt es sich ausdr\u00fccklich vor, Teile der Seiten oder das gesamte Angebot ohne gesonderte Ank\u00fcndigung zu ver\u00e4ndern, zu erg\u00e4nzen, zu l\u00f6schen oder die Ver\u00f6ffentlichung zeitweise oder endg\u00fcltig einzustellen.<\/p>\n<h3>Haftung f\u00fcr Links<\/h3>\n<p style=\"text-align: justify;\">Verweise und Links auf Webseiten Dritter liegen ausserhalb unseres Verantwortungsbereichs. Es wird jegliche Verantwortung f\u00fcr solche Webseiten abgelehnt. Der Zugriff und die Nutzung solcher Webseiten erfolgen auf eigene Gefahr des Nutzers oder der Nutzerin.<\/p>\n<h3>Urheberrechte<\/h3>\n<p style=\"text-align: justify;\">Die Urheber- und alle anderen Rechte an Inhalten, Bildern, Fotos oder anderen Dateien auf der Website geh\u00f6ren ausschliesslich <strong>Simon Kuster<\/strong> oder den speziell genannten\u00a0Rechtsinhabern. F\u00fcr die Reproduktion jeglicher Elemente ist die schriftliche Zustimmung der Urheberrechtstr\u00e4ger im Voraus einzuholen.<\/p>\n<h3>Datenschutz<\/h3>\n<p style=\"text-align: justify;\">Gest\u00fctzt auf Artikel 13 der schweizerischen Bundesverfassung\u00a0und die datenschutzrechtlichen Bestimmungen des Bundes (Datenschutzgesetz, DSG) hat jede Person Anspruch auf Schutz ihrer Privatsph\u00e4re sowie auf Schutz vor Missbrauch ihrer pers\u00f6nlichen Daten. Wir halten diese Bestimmungen ein. Pers\u00f6nliche Daten werden streng vertraulich behandelt und weder an Dritte verkauft noch weiter gegeben.<br \/>\nIn enger Zusammenarbeit mit unseren Hosting-Providern bem\u00fchen wir uns, die Datenbanken so gut wie m\u00f6glich vor fremden Zugriffen, Verlusten, Missbrauch oder vor F\u00e4lschung zu sch\u00fctzen.<br \/>\nBeim Zugriff auf unsere Webseiten werden folgende Daten in Logfiles gespeichert: IP-Adresse, Datum, Uhrzeit, Browser-Anfrage und allg. \u00fcbertragene Informationen zum Betriebssystem resp. Browser. Diese Nutzungsdaten bilden die Basis f\u00fcr statistische, anonyme Auswertungen, so dass Trends erkennbar sind, anhand derer wir unsere Angebote entsprechend verbessern k\u00f6nnen.<\/p>\n<h3>Quellen<\/h3>\n<p style=\"text-align: justify;\">Dieses Impressum wurde am <strong>13.04.2015<\/strong>\u00a0mit dem Impressum-Generator <a href=\"http:\/\/www.bag.ch\/impressum-generator\" target=\"_blank\" rel=\"noopener\">&#8220;http:\/\/www.bag.ch\/impressum-generator&#8221;<\/a> der Firma Brunner AG, Druck und Medien, in Kriens erstellt. Die Brunner AG, Druck und Medien, in Kriens \u00fcbernimmt keine Haftung.<\/p>\n","protected":false},"excerpt":{"rendered":"<div class=\"mh-excerpt\"><p>Hallihallo, dies ist eine private Website. &nbsp; Copyright Alle Texte und Bilder, welche auf der Webseite (www.kusterweb.ch und allen Unterseiten) unterliegen dem Copyright des Autors, <a class=\"mh-excerpt-more\" href=\"https:\/\/www.kusterweb.ch\/modellbau\/impressium\/\" title=\"Impressum\">[&#8230;]<\/a><\/p>\n<\/div>","protected":false},"author":1,"featured_media":0,"parent":0,"menu_order":50,"comment_status":"open","ping_status":"closed","template":"","meta":{"footnotes":""},"_links":{"self":[{"href":"https:\/\/www.kusterweb.ch\/modellbau\/wp-json\/wp\/v2\/pages\/48"}],"collection":[{"href":"https:\/\/www.kusterweb.ch\/modellbau\/wp-json\/wp\/v2\/pages"}],"about":[{"href":"https:\/\/www.kusterweb.ch\/modellbau\/wp-json\/wp\/v2\/types\/page"}],"author":[{"embeddable":true,"href":"https:\/\/www.kusterweb.ch\/modellbau\/wp-json\/wp\/v2\/users\/1"}],"replies":[{"embeddable":true,"href":"https:\/\/www.kusterweb.ch\/modellbau\/wp-json\/wp\/v2\/comments?post=48"}],"version-history":[{"count":8,"href":"https:\/\/www.kusterweb.ch\/modellbau\/wp-json\/wp\/v2\/pages\/48\/revisions"}],"predecessor-version":[{"id":189,"href":"https:\/\/www.kusterweb.ch\/modellbau\/wp-json\/wp\/v2\/pages\/48\/revisions\/189"}],"wp:attachment":[{"href":"https:\/\/www.kusterweb.ch\/modellbau\/wp-json\/wp\/v2\/media?parent=48"}],"curies":[{"name":"wp","href":"https:\/\/api.w.org\/{rel}","templated":true}]}}